{"id":2276,"date":"2025-04-11T15:46:46","date_gmt":"2025-04-11T13:46:46","guid":{"rendered":"https:\/\/lunter.webgate.codes\/products\/salad-tofu-basil-180\/"},"modified":"2025-04-11T15:56:12","modified_gmt":"2025-04-11T13:56:12","slug":"salad-tofu-basil-180","status":"publish","type":"product","link":"https:\/\/lunter.webgate.codes\/cz\/produkty\/salad-tofu-basil-180\/","title":{"rendered":"SALAD TOFU BAZALKOV\u00c9"},"content":{"rendered":"<p>Bazalkov\u00e9, sv\u011b\u017e\u00ed, t\u00e9m\u011b\u0159 jako italsk\u00fd v\u00e1nek na tal\u00ed\u0159i. Jen bez dovolen\u00e9 u mo\u0159e. Vychutnejte si ho v obl\u00edben\u00e9m sal\u00e1tu nebo sendvi\u010di, p\u0159ipravte si caprese bez cholesterolu, nastrouhejte ho na t\u011bstoviny nebo ho zape\u010dte na dom\u00e1c\u00ed pizze \u010di ve slan\u00e9m kol\u00e1\u010di \u2013 kreativit\u011b se meze nekladou.<\/p>\n","protected":false},"featured_media":1633,"template":"","product_type":[254],"class_list":["post-2276","product","type-product","status-publish","has-post-thumbnail","hentry","product_type-salad-tofu-cz"],"acf":{"product_show_in_compact":"1","product_tagline":"Lehkost v ka\u017ed\u00e9m soustu","products_weight":"180g","product_ornament_type":"cube","product_ornament_color":"#74A879","benefit_icons":["number-protein","non-gmo-soybeans","source-of-calcium"],"protein_amount":"23","product_details":{"ingredients":"57 % s\u00f3jov\u00e9 boby, voda, s\u016fl, 0,25 % bazalka su\u0161en\u00e1, v\u00e1pn\u00edk.","packaging_image":2059,"nutritional_values":"<table class=\"nutritional-table\"><tbody><tr><th colspan=\"2\">V\u00fd\u017eivov\u00e9 \u00fadaje na 100g<\/th><\/tr><tr><td>Energie<\/td><td>537 kJ\/129 kcal<\/td><\/tr><tr><td>Tuky<\/td><td>7,5 g<\/td><\/tr><tr><td>\u2013 z toho nasycen\u00e9 mastn\u00e9 kyseliny<\/td><td>1,0 g<\/td><\/tr><tr><td>Sacharidy<\/td><td>1,8 g<\/td><\/tr><tr><td>\u2013 z toho cukry<\/td><td><0,5 g<\/td><\/tr><tr><td>Vl\u00e1knina<\/td><td>1,0 g<\/td><\/tr><tr><td>B\u00edlkoviny<\/td><td>13 g<\/td><\/tr><tr><td>S\u016fl<\/td><td>1,0 g<\/td><\/tr><tr><td>V\u00e1pn\u00edk<\/td><td>210 mg**<\/td><\/tr><\/tbody><\/table><p class=\"note\">**26 % NRV (NRV = referen\u010dn\u00ed v\u00fd\u017eivov\u00e9 hodnoty)<\/p>"},"product_benefits":{"benefit_image":null,"benefit_1":"Vyrobeno s l\u00e1skou","benefit_2":"Ope\u010dte je nebo p\u0159idejte do sal\u00e1tu","benefit_3":"\u010cist\u00e9 a kvalitn\u00ed ingredience","benefit_4":"Lehk\u00e9 a v\u00fd\u017eivn\u00e9"}},"_links":{"self":[{"href":"https:\/\/lunter.webgate.codes\/cz\/wp-json\/wp\/v2\/product\/2276","targetHints":{"allow":["GET"]}}],"collection":[{"href":"https:\/\/lunter.webgate.codes\/cz\/wp-json\/wp\/v2\/product"}],"about":[{"href":"https:\/\/lunter.webgate.codes\/cz\/wp-json\/wp\/v2\/types\/product"}],"wp:featuredmedia":[{"embeddable":true,"href":"https:\/\/lunter.webgate.codes\/cz\/wp-json\/wp\/v2\/media\/1633"}],"wp:attachment":[{"href":"https:\/\/lunter.webgate.codes\/cz\/wp-json\/wp\/v2\/media?parent=2276"}],"wp:term":[{"taxonomy":"product_type","embeddable":true,"href":"https:\/\/lunter.webgate.codes\/cz\/wp-json\/wp\/v2\/product_type?post=2276"}],"curies":[{"name":"wp","href":"https:\/\/api.w.org\/{rel}","templated":true}]}}