{"id":2275,"date":"2025-04-11T15:46:46","date_gmt":"2025-04-11T13:46:46","guid":{"rendered":"https:\/\/lunter.webgate.codes\/products\/tofu-marinated-sweet-chilli-180\/"},"modified":"2025-04-11T15:56:12","modified_gmt":"2025-04-11T13:56:12","slug":"tofu-marinated-sweet-chilli-180","status":"publish","type":"product","link":"https:\/\/lunter.webgate.codes\/cz\/produkty\/tofu-marinated-sweet-chilli-180\/","title":{"rendered":"MARINOVAN\u00c9 SWEET CHILLI TOFU"},"content":{"rendered":"<p>Thajsko je nov\u00e9 Chorvatsko! A kdy\u017e sn\u00edte o dovolen\u00e9 na D\u00e1ln\u00e9m v\u00fdchod\u011b, ale jste doma, na\u0161e Sweet Chilli tofu p\u0159enese \u017eiv\u00e9 chut\u011b p\u0159\u00edmo do va\u0161\u00ed kuchyn\u011b. Marinovan\u00e9 v dokonale vyv\u00e1\u017een\u00e9 sladko-p\u00e1liv\u00e9 om\u00e1\u010dce, p\u0159ipraven\u00e9 b\u011bhem n\u011bkolika minut ochutit sma\u017een\u00e9 pokrmy, wrapy nebo pad thai. V l\u00e9t\u011b je skv\u011blou volbou pro grilov\u00e1n\u00ed. Je 100% rostlinn\u00e9, neobsahuje cholesterol, je pln\u00e9 b\u00edlkovin a je vyrobeno z evropsk\u00e9 s\u00f3ji, kter\u00e1 nen\u00ed geneticky modifikovan\u00e1. Rychl\u00e1 p\u0159\u00edprava, v\u00fd\u017eivn\u00e9, chutn\u00e9 a \u0161etrn\u00e9 k planet\u011b \u2013 co v\u00edc si p\u0159\u00e1t?<\/p>\n","protected":false},"featured_media":1631,"template":"","product_type":[253],"class_list":["post-2275","product","type-product","status-publish","has-post-thumbnail","hentry","product_type-marinovane-cz"],"acf":{"product_show_in_compact":"1","product_tagline":"Autentick\u00e1 chu\u0165 v ka\u017ed\u00e9m soustu","products_weight":"180g","product_ornament_type":"splash","product_ornament_color":"#E77E53","benefit_icons":["number-protein","non-gmo-soybeans","source-of-calcium"],"protein_amount":"23","product_details":{"ingredients":"88 % tofu (57 % s\u00f3jov\u00e9 boby, voda, v\u00e1pn\u00edk), 12 % marin\u00e1da (voda, \u0159epkov\u00fd olej, cukr, s\u016fl, p\u0159\u00edrodn\u00ed aromata, ko\u0159en\u00ed (z\u00e1zvor, 1 % chilli), su\u0161en\u00e1 zelenina (cibule, \u010desnek, raj\u010data), extrakty ko\u0159en\u00ed, kuku\u0159i\u010dn\u00fd \u0161krob.","packaging_image":2054,"nutritional_values":"<table class=\"nutritional-table\"><tbody><tr><th colspan=\"2\">V\u00fd\u017eivov\u00e9 \u00fadaje na 100g<\/th><\/tr><tr><td>Energie<\/td><td>620 kJ\/149 kcal<\/td><\/tr><tr><td>Tuky<\/td><td>8,5 g<\/td><\/tr><tr><td>\u2013 z toho nasycen\u00e9 mastn\u00e9 kyseliny<\/td><td>1,0 g<\/td><\/tr><tr><td>Sacharidy<\/td><td>4,0 g<\/td><\/tr><tr><td>\u2013 z toho cukry<\/td><td>2,0 g<\/td><\/tr><tr><td>Vl\u00e1knina<\/td><td>2,0 g<\/td><\/tr><tr><td>B\u00edlkoviny<\/td><td>13 g<\/td><\/tr><tr><td>S\u016fl<\/td><td>1,5 g<\/td><\/tr><tr><td>V\u00e1pn\u00edk<\/td><td>210 mg**<\/td><\/tr><\/tbody><\/table><p class=\"note\">**26 % NRV (NRV = referen\u010dn\u00ed v\u00fd\u017eivov\u00e9 hodnoty)<\/p>"},"product_benefits":{"benefit_image":null,"benefit_1":"Dokonale vyv\u00e1\u017een\u00e1 chu\u0165","benefit_2":"Vyrobeno s l\u00e1skou","benefit_3":"P\u0159ipraven\u00e9 b\u011bhem n\u011bkolika minut","benefit_4":"Op\u00e9k\u00e1n\u00ed, grilov\u00e1n\u00ed, pe\u010den\u00ed"}},"_links":{"self":[{"href":"https:\/\/lunter.webgate.codes\/cz\/wp-json\/wp\/v2\/product\/2275","targetHints":{"allow":["GET"]}}],"collection":[{"href":"https:\/\/lunter.webgate.codes\/cz\/wp-json\/wp\/v2\/product"}],"about":[{"href":"https:\/\/lunter.webgate.codes\/cz\/wp-json\/wp\/v2\/types\/product"}],"wp:featuredmedia":[{"embeddable":true,"href":"https:\/\/lunter.webgate.codes\/cz\/wp-json\/wp\/v2\/media\/1631"}],"wp:attachment":[{"href":"https:\/\/lunter.webgate.codes\/cz\/wp-json\/wp\/v2\/media?parent=2275"}],"wp:term":[{"taxonomy":"product_type","embeddable":true,"href":"https:\/\/lunter.webgate.codes\/cz\/wp-json\/wp\/v2\/product_type?post=2275"}],"curies":[{"name":"wp","href":"https:\/\/api.w.org\/{rel}","templated":true}]}}