{"id":2274,"date":"2025-04-11T15:46:46","date_gmt":"2025-04-11T13:46:46","guid":{"rendered":"https:\/\/lunter.webgate.codes\/products\/tofu-marinated-seafoo-180\/"},"modified":"2025-04-11T15:56:12","modified_gmt":"2025-04-11T13:56:12","slug":"tofu-marinated-seafoo-180","status":"publish","type":"product","link":"https:\/\/lunter.webgate.codes\/cz\/produkty\/tofu-marinated-seafoo-180\/","title":{"rendered":"MARINOVAN\u00c9 SEAFOO TOFU"},"content":{"rendered":"<p>Nechte se s Lunter tofu Marinated Seafoo un\u00e1\u0161et na vln\u00e1ch oce\u00e1nu, ani\u017e byste museli opustit kuchyni. Vylad\u011bn\u00e1 marin\u00e1da ze sm\u011bsi \u010derven\u00e9 \u0159epy, kapar\u016f a kopru zaji\u0161\u0165uje sv\u011b\u017e\u00ed mo\u0159skou chu\u0165 a nar\u016f\u017eov\u011bl\u00fd odst\u00edn. Sta\u010d\u00ed ho zap\u00e9ct s citronem, nakr\u00e1jet na pl\u00e1tky nebo zabalit do sushi, kreativit\u011b se meze nekladou. A co je na tom nejlep\u0161\u00ed? Dopln\u00ed v\u00e1m b\u00edlkoviny, neobsahuje cholesterol a zbyte\u010dn\u00e9 konzerva\u010dn\u00ed l\u00e1tky.<\/p>\n","protected":false},"featured_media":1629,"template":"","product_type":[253],"class_list":["post-2274","product","type-product","status-publish","has-post-thumbnail","hentry","product_type-marinovane-cz"],"acf":{"product_show_in_compact":"1","product_tagline":"Autentick\u00e1 chu\u0165 v ka\u017ed\u00e9m soustu","products_weight":"180g","product_ornament_type":"splash","product_ornament_color":"#67ADC3","benefit_icons":["number-protein","non-gmo-soybeans","source-of-calcium"],"protein_amount":"25","product_details":{"ingredients":"88 % tofu (57 % s\u00f3jov\u00e9 boby, voda, v\u00e1pn\u00edk), 12 % marin\u00e1da (voda, s\u00f3jov\u00e9 boby, fermentovan\u00e1 p\u0161enice \u2013 bez lepku, \u0159epkov\u00fd olej, \u010derven\u00e1 \u0159epa, kuku\u0159i\u010dn\u00fd \u0161krob, 2 % su\u0161en\u00e9 mo\u0159sk\u00e9 \u0159asy, kapary, citronov\u00e1 \u0161\u0165\u00e1va z koncentr\u00e1tu, cukr, s\u016fl, r\u00fd\u017ee, kopr, kurkuma, ocet kvasn\u00fd lihov\u00fd).","packaging_image":2052,"nutritional_values":"<table class=\"nutritional-table\"><tbody><tr><th colspan=\"2\">V\u00fd\u017eivov\u00e9 \u00fadaje na 100g<\/th><\/tr><tr><td>Energie<\/td><td>584 kJ\/140 kcal<\/td><\/tr><tr><td>Tuky<\/td><td>8,3 g<\/td><\/tr><tr><td>\u2013 z toho nasycen\u00e9 mastn\u00e9 kyseliny<\/td><td>1,3 g<\/td><\/tr><tr><td>Sacharidy<\/td><td>1,8 g<\/td><\/tr><tr><td>\u2013 z toho cukry<\/td><td>0,5 g<\/td><\/tr><tr><td>Vl\u00e1knina<\/td><td>1,0 g<\/td><\/tr><tr><td>B\u00edlkoviny<\/td><td>14 g<\/td><\/tr><tr><td>S\u016fl<\/td><td>0,90 g<\/td><\/tr><tr><td>V\u00e1pn\u00edk<\/td><td>210 mg**<\/td><\/tr><\/tbody><\/table><p class=\"note\">**26 % NRV (NRV = referen\u010dn\u00ed v\u00fd\u017eivov\u00e9 hodnoty)<\/p>"},"product_benefits":{"benefit_image":null,"benefit_1":"Dokonale vyv\u00e1\u017een\u00e1 chu\u0165","benefit_2":"Vyrobeno s l\u00e1skou","benefit_3":"P\u0159ipraven\u00e9 b\u011bhem n\u011bkolika minut","benefit_4":"Op\u00e9k\u00e1n\u00ed, grilov\u00e1n\u00ed, pe\u010den\u00ed"}},"_links":{"self":[{"href":"https:\/\/lunter.webgate.codes\/cz\/wp-json\/wp\/v2\/product\/2274","targetHints":{"allow":["GET"]}}],"collection":[{"href":"https:\/\/lunter.webgate.codes\/cz\/wp-json\/wp\/v2\/product"}],"about":[{"href":"https:\/\/lunter.webgate.codes\/cz\/wp-json\/wp\/v2\/types\/product"}],"wp:featuredmedia":[{"embeddable":true,"href":"https:\/\/lunter.webgate.codes\/cz\/wp-json\/wp\/v2\/media\/1629"}],"wp:attachment":[{"href":"https:\/\/lunter.webgate.codes\/cz\/wp-json\/wp\/v2\/media?parent=2274"}],"wp:term":[{"taxonomy":"product_type","embeddable":true,"href":"https:\/\/lunter.webgate.codes\/cz\/wp-json\/wp\/v2\/product_type?post=2274"}],"curies":[{"name":"wp","href":"https:\/\/api.w.org\/{rel}","templated":true}]}}