{"id":2273,"date":"2025-04-11T15:46:46","date_gmt":"2025-04-11T13:46:46","guid":{"rendered":"https:\/\/lunter.webgate.codes\/products\/tofu-marinated-teriyaki-180\/"},"modified":"2025-04-11T15:56:12","modified_gmt":"2025-04-11T13:56:12","slug":"tofu-marinated-teriyaki-180","status":"publish","type":"product","link":"https:\/\/lunter.webgate.codes\/cz\/produkty\/tofu-marinated-teriyaki-180\/","title":{"rendered":"MARINOVAN\u00c9 TERIYAKI TOFU"},"content":{"rendered":"<p>P\u0159eneste se do Asie s na\u0161\u00edm Lunter tofu Marinated ve sladk\u00e9 teriyaki marin\u00e1d\u011b. Nem\u00e1te \u010das nebo energii na slo\u017eit\u00e9 va\u0159en\u00ed? Na\u0161e tofu z \u0159ady Marinated je p\u0159edem marinovan\u00e9, tak\u017ee si b\u011bhem n\u011bkolika minut m\u016f\u017eete p\u0159ipravit syt\u00e9 j\u00eddlo pln\u00e9 exotick\u00fdch chut\u00ed. Nav\u00edc je to 100% rostlinn\u00e1 pochoutka bez cholesterolu a konzerva\u010dn\u00edch l\u00e1tek. D\u00edky vysok\u00e9mu obsahu b\u00edlkovin a v\u00e1pn\u00edku podpo\u0159\u00edte sv\u00e9 t\u011blo a z\u00e1rove\u0148 si pochutn\u00e1te. Kdo \u0159\u00edk\u00e1, \u017ee rychl\u00e9 ob\u010derstven\u00ed nem\u016f\u017ee b\u00fdt zdrav\u00e9 a chutn\u00e9 z\u00e1rove\u0148?<\/p>\n","protected":false},"featured_media":1627,"template":"","product_type":[253],"class_list":["post-2273","product","type-product","status-publish","has-post-thumbnail","hentry","product_type-marinovane-cz"],"acf":{"product_show_in_compact":"1","product_tagline":"Autentick\u00e1 chu\u0165 v ka\u017ed\u00e9m soustu","products_weight":"180g","product_ornament_type":"splash","product_ornament_color":"#7E75AE","benefit_icons":["number-protein","non-gmo-soybeans","source-of-calcium"],"protein_amount":"25","product_details":{"ingredients":"88 % tofu (57 % s\u00f3jov\u00e9 boby, voda, v\u00e1pn\u00edk), 12 % marin\u00e1da (voda, fermentovan\u00e9 s\u00f3jov\u00e9 boby, fermentovan\u00e1 p\u0161enice \u2013 bez lepku, cukr, s\u016fl, r\u00fd\u017eov\u00fd ocet, \u0161krob, cibule, \u010desnek, z\u00e1zvor, ananasov\u00e9 pyr\u00e9).","packaging_image":2050,"nutritional_values":"<table class=\"nutritional-table\"><tbody><tr><th colspan=\"2\">V\u00fd\u017eivov\u00e9 \u00fadaje na 100g<\/th><\/tr><tr><td>Energie<\/td><td>576 kJ\/138 kcal<\/td><\/tr><tr><td>Tuky<\/td><td>7,7 g<\/td><\/tr><tr><td>\u2013 z toho nasycen\u00e9 mastn\u00e9 kyseliny<\/td><td>1,2 g<\/td><\/tr><tr><td>Sacharidy<\/td><td>2,1 g<\/td><\/tr><tr><td>\u2013 z toho cukry<\/td><td>1,9 g<\/td><\/tr><tr><td>Vl\u00e1knina<\/td><td>2,2 g<\/td><\/tr><tr><td>B\u00edlkoviny<\/td><td>14 g<\/td><\/tr><tr><td>S\u016fl<\/td><td>1,1 g<\/td><\/tr><tr><td>V\u00e1pn\u00edk<\/td><td>210 mg**<\/td><\/tr><\/tbody><\/table><p class=\"note\">**26 % NRV (NRV = referen\u010dn\u00ed v\u00fd\u017eivov\u00e9 hodnoty)<\/p>"},"product_benefits":{"benefit_image":null,"benefit_1":"Dokonale vyv\u00e1\u017een\u00e1 chu\u0165","benefit_2":"Vyrobeno s l\u00e1skou","benefit_3":"P\u0159ipraven\u00e9 b\u011bhem n\u011bkolika minut","benefit_4":"Op\u00e9k\u00e1n\u00ed, grilov\u00e1n\u00ed, pe\u010den\u00ed"}},"_links":{"self":[{"href":"https:\/\/lunter.webgate.codes\/cz\/wp-json\/wp\/v2\/product\/2273","targetHints":{"allow":["GET"]}}],"collection":[{"href":"https:\/\/lunter.webgate.codes\/cz\/wp-json\/wp\/v2\/product"}],"about":[{"href":"https:\/\/lunter.webgate.codes\/cz\/wp-json\/wp\/v2\/types\/product"}],"wp:featuredmedia":[{"embeddable":true,"href":"https:\/\/lunter.webgate.codes\/cz\/wp-json\/wp\/v2\/media\/1627"}],"wp:attachment":[{"href":"https:\/\/lunter.webgate.codes\/cz\/wp-json\/wp\/v2\/media?parent=2273"}],"wp:term":[{"taxonomy":"product_type","embeddable":true,"href":"https:\/\/lunter.webgate.codes\/cz\/wp-json\/wp\/v2\/product_type?post=2273"}],"curies":[{"name":"wp","href":"https:\/\/api.w.org\/{rel}","templated":true}]}}