{"id":2272,"date":"2025-04-11T15:46:46","date_gmt":"2025-04-11T13:46:46","guid":{"rendered":"https:\/\/lunter.webgate.codes\/products\/tofu-marinated-soy-sauce-180\/"},"modified":"2025-04-11T15:56:12","modified_gmt":"2025-04-11T13:56:12","slug":"tofu-marinated-soy-sauce-180","status":"publish","type":"product","link":"https:\/\/lunter.webgate.codes\/cz\/produkty\/tofu-marinated-soy-sauce-180\/","title":{"rendered":"TOFU MARINOVAN\u00c9 V S\u00d3JOV\u00c9 OM\u00c1\u010cCE"},"content":{"rendered":"<p>Nebav\u00ed v\u00e1s hodiny \u010dekat, ne\u017e se chut\u011b spoj\u00ed a proniknou dovnit\u0159? Objevte Lunter tofu Marinated, dokonale marinovan\u00e9 a zape\u010den\u00e9 ve vysoce kvalitn\u00ed s\u00f3jov\u00e9 om\u00e1\u010dce, ani\u017e by to bylo na \u00fakor chuti. U\u017e \u017e\u00e1dn\u00e9 dlouh\u00e9 marinov\u00e1n\u00ed \u2013 sta\u010d\u00ed je hodit na p\u00e1nev, do trouby nebo na gril a b\u011bhem n\u011bkolika minut m\u00e1te hotov\u00e9 plnohodnotn\u00e9 j\u00eddlo. Jemn\u011b slan\u00e9, p\u0159\u00edjemn\u011b umami, s kr\u00e1sn\u011b vyv\u00e1\u017eenou chut\u00ed, kter\u00e1 se hod\u00ed k jak\u00e9koli p\u0159\u00edloze, nejen do asijsk\u00fdch pokrm\u016f. Pln\u00e9 rostlinn\u00fdch b\u00edlkovin, bez cholesterolu, 100% rostlinn\u00e9. Minim\u00e1ln\u00ed \u00fasil\u00ed, maxim\u00e1ln\u00ed chu\u0165.<\/p>\n","protected":false},"featured_media":1623,"template":"","product_type":[253],"class_list":["post-2272","product","type-product","status-publish","has-post-thumbnail","hentry","product_type-marinovane-cz"],"acf":{"product_show_in_compact":"1","product_tagline":"Autentick\u00e1 chu\u0165 v ka\u017ed\u00e9m soustu","products_weight":"180g","product_ornament_type":"splash","product_ornament_color":"#BF7B9C","benefit_icons":["number-protein","non-gmo-soybeans","source-of-calcium"],"protein_amount":"25","product_details":{"ingredients":"tofu (57 % s\u00f3jov\u00e9 boby, voda, v\u00e1pn\u00edk), 8 % marin\u00e1da (voda, fermentovan\u00e9 s\u00f3jov\u00e9 boby, fermentovan\u00e1 p\u0161enice \u2013 bez lepku, s\u016fl, cibule, \u0159epkov\u00fd olej, \u010desnek, ko\u0159en\u00ed, byliny)","packaging_image":2047,"nutritional_values":"<table class=\"nutritional-table\"><tbody><tr><th colspan=\"2\">V\u00fd\u017eivov\u00e9 \u00fadaje na 100g<\/th><\/tr><tr><td>Energie<\/td><td>573 kJ\/137 kcal<\/td><\/tr><tr><td>Tuky<\/td><td>8,0 g<\/td><\/tr><tr><td>\u2013 z toho nasycen\u00e9 mastn\u00e9 kyseliny<\/td><td>1,0 g<\/td><\/tr><tr><td>Sacharidy<\/td><td>1,8 g<\/td><\/tr><tr><td>\u2013 z toho cukry<\/td><td><0,5 g<\/td><\/tr><tr><td>Vl\u00e1knina<\/td><td>1,0 g<\/td><\/tr><tr><td>B\u00edlkoviny<\/td><td>14 g<\/td><\/tr><tr><td>S\u016fl<\/td><td>1,0 g<\/td><\/tr><tr><td>V\u00e1pn\u00edk<\/td><td>220 mg**<\/td><\/tr><\/tbody><\/table><p class=\"note\">**28 % NRV (NRV = referen\u010dn\u00ed v\u00fd\u017eivov\u00e9 hodnoty)<\/p>"},"product_benefits":{"benefit_image":null,"benefit_1":"Dokonale vyv\u00e1\u017een\u00e1 chu\u0165","benefit_2":"Vyrobeno s l\u00e1skou","benefit_3":"P\u0159ipraven\u00e9 b\u011bhem n\u011bkolika minut","benefit_4":"Op\u00e9k\u00e1n\u00ed, grilov\u00e1n\u00ed, pe\u010den\u00ed"}},"_links":{"self":[{"href":"https:\/\/lunter.webgate.codes\/cz\/wp-json\/wp\/v2\/product\/2272","targetHints":{"allow":["GET"]}}],"collection":[{"href":"https:\/\/lunter.webgate.codes\/cz\/wp-json\/wp\/v2\/product"}],"about":[{"href":"https:\/\/lunter.webgate.codes\/cz\/wp-json\/wp\/v2\/types\/product"}],"wp:featuredmedia":[{"embeddable":true,"href":"https:\/\/lunter.webgate.codes\/cz\/wp-json\/wp\/v2\/media\/1623"}],"wp:attachment":[{"href":"https:\/\/lunter.webgate.codes\/cz\/wp-json\/wp\/v2\/media?parent=2272"}],"wp:term":[{"taxonomy":"product_type","embeddable":true,"href":"https:\/\/lunter.webgate.codes\/cz\/wp-json\/wp\/v2\/product_type?post=2272"}],"curies":[{"name":"wp","href":"https:\/\/api.w.org\/{rel}","templated":true}]}}