{"id":2271,"date":"2025-04-11T15:46:46","date_gmt":"2025-04-11T13:46:46","guid":{"rendered":"https:\/\/lunter.webgate.codes\/products\/tofu-smoked-160\/"},"modified":"2025-04-11T15:56:12","modified_gmt":"2025-04-11T13:56:12","slug":"tofu-smoked-160","status":"publish","type":"product","link":"https:\/\/lunter.webgate.codes\/cz\/produkty\/tofu-smoked-160\/","title":{"rendered":"UZEN\u00c9 TOFU"},"content":{"rendered":"<p>Tou\u017e\u00edte po bohat\u00e9 kou\u0159ov\u00e9 chuti, ale bez um\u011bl\u00fdch p\u0159\u00edchut\u00ed? Lunter tofu Smoked je tu pro v\u00e1s. Poctiv\u011b uzen\u00e9 na bukov\u00e9m d\u0159ev\u011b, \u017e\u00e1dn\u00e9 zkratky, \u017e\u00e1dn\u00e9 zbyte\u010dnosti. A\u0165 u\u017e jste v kuchyni s tofu za\u010d\u00e1te\u010dn\u00edci, nebo pokro\u010dil\u00ed gurm\u00e1ni, sta\u010d\u00ed ho otev\u0159\u00edt a pou\u017e\u00edt pro tepl\u00e9 i studen\u00e9 pokrmy. Rychl\u00e1 p\u0159\u00edprava a r\u016fzn\u00e9 zp\u016fsoby pou\u017eit\u00ed. M\u016f\u017eete si ho nakr\u00e1jet do sendvi\u010de, nadrobit do chilli sin carne, nastrouhat do kari nebo nakr\u00e1jet a obalit ve strouhance. Obohat\u00ed va\u0161e j\u00eddlo o b\u00edlkoviny, neobsahuje cholesterol a je 100% rostlinn\u00e9ho p\u016fvodu. Rychl\u00e9, snadn\u00e9 a v\u017edy p\u0159ipraven\u00e9 zahnat v\u00e1\u0161 hlad.<\/p>\n","protected":false},"featured_media":1621,"template":"","product_type":[255],"class_list":["post-2271","product","type-product","status-publish","has-post-thumbnail","hentry","product_type-tradicni"],"acf":{"product_show_in_compact":"0","product_tagline":"Poctiv\u011b uzen\u00e9 na bukov\u00e9m d\u0159ev\u011b","products_weight":"160g","product_ornament_type":"cube","product_ornament_color":"#B07B67","benefit_icons":["number-protein","non-gmo-soybeans","source-of-calcium"],"protein_amount":"24","product_details":{"ingredients":"N\/A","packaging_image":2020,"nutritional_values":"N\/A"},"product_benefits":{"benefit_image":null,"benefit_1":"Tradi\u010dn\u00ed zp\u016fsob v\u00fdroby","benefit_2":"Vyrobeno na Slovensku","benefit_3":"Popus\u0165te uzdu sv\u00e9 kreativit\u011b","benefit_4":"\u010cist\u00e9 a kvalitn\u00ed ingredience"}},"_links":{"self":[{"href":"https:\/\/lunter.webgate.codes\/cz\/wp-json\/wp\/v2\/product\/2271","targetHints":{"allow":["GET"]}}],"collection":[{"href":"https:\/\/lunter.webgate.codes\/cz\/wp-json\/wp\/v2\/product"}],"about":[{"href":"https:\/\/lunter.webgate.codes\/cz\/wp-json\/wp\/v2\/types\/product"}],"wp:featuredmedia":[{"embeddable":true,"href":"https:\/\/lunter.webgate.codes\/cz\/wp-json\/wp\/v2\/media\/1621"}],"wp:attachment":[{"href":"https:\/\/lunter.webgate.codes\/cz\/wp-json\/wp\/v2\/media?parent=2271"}],"wp:term":[{"taxonomy":"product_type","embeddable":true,"href":"https:\/\/lunter.webgate.codes\/cz\/wp-json\/wp\/v2\/product_type?post=2271"}],"curies":[{"name":"wp","href":"https:\/\/api.w.org\/{rel}","templated":true}]}}