{"id":2268,"date":"2025-04-11T15:46:46","date_gmt":"2025-04-11T13:46:46","guid":{"rendered":"https:\/\/lunter.webgate.codes\/products\/tofu-natural-180\/"},"modified":"2025-04-11T15:56:12","modified_gmt":"2025-04-11T13:56:12","slug":"tofu-natural-180","status":"publish","type":"product","link":"https:\/\/lunter.webgate.codes\/cz\/produkty\/tofu-natural-180\/","title":{"rendered":"TOFU NATURAL"},"content":{"rendered":"<p>Jste za\u010d\u00e1te\u010dn\u00edci v p\u0159\u00edprav\u011b tofu a nem\u016f\u017eete se rozhodnout, kter\u00fdm receptem za\u010d\u00edt? Pak je pro v\u00e1s Lunter tofu Natural ide\u00e1ln\u00ed volbou! Je \u010dist\u00e9, jednoduch\u00e9 a bez zbyte\u010dn\u00fdch p\u0159\u00edsad. Je p\u0159ipraven\u00e9 na v\u0161e, co si v kuchyni vymysl\u00edte. Chcete ho marinovat, grilovat, rozmixovat do smoothie nebo p\u0159idat do kol\u00e1\u010de? \u017d\u00e1dn\u00fd probl\u00e9m. M\u00e1 neutr\u00e1ln\u00ed chu\u0165, kter\u00e1 se p\u0159izp\u016fsob\u00ed ka\u017ed\u00e9mu receptu. Bohat\u00e9 na b\u00edlkoviny, lehce straviteln\u00e9, 100% rostlinn\u00e9. Sta\u010d\u00ed otev\u0159\u00edt a za\u010d\u00edt va\u0159it. Jedin\u00fdm omezen\u00edm je va\u0161e kreativita.<\/p>\n","protected":false},"featured_media":1615,"template":"","product_type":[255],"class_list":["post-2268","product","type-product","status-publish","has-post-thumbnail","hentry","product_type-tradicni"],"acf":{"product_show_in_compact":"1","product_tagline":"Klasika, kterou si zamiluje ka\u017ed\u00fd","products_weight":"180g","product_ornament_type":"cube","product_ornament_color":"#F5B967","benefit_icons":["number-protein","non-gmo-soybeans","source-of-calcium"],"protein_amount":"27","product_details":{"ingredients":"57% s\u00f3jov\u00e9 boby, voda, v\u00e1pn\u00edk.","packaging_image":2039,"nutritional_values":"<table class=\"nutritional-table\"><tbody><tr><th colspan=\"2\">V\u00fd\u017eivov\u00e9 \u00fadaje na 100g<\/th><\/tr><tr><td>Energie<\/td><td>608 kJ\/146 kcal<\/td><\/tr><tr><td>Tuky<\/td><td>8,5 g<\/td><\/tr><tr><td>\u2013 z toho nasycen\u00e9 mastn\u00e9 kyseliny<\/td><td>1,3 g<\/td><\/tr><tr><td>Sacharidy<\/td><td>1,8 g<\/td><\/tr><tr><td>\u2013 z toho cukry<\/td><td>0,5 g<\/td><\/tr><tr><td>Vl\u00e1knina<\/td><td>1,0 g<\/td><\/tr><tr><td>B\u00edlkoviny<\/td><td>15 g<\/td><\/tr><tr><td>S\u016fl<\/td><td>0,03 g<\/td><\/tr><tr><td>V\u00e1pn\u00edk<\/td><td>210 mg**<\/td><\/tr><\/tbody><\/table><p class=\"note\">**26 % NRV (NRV = referen\u010dn\u00ed v\u00fd\u017eivov\u00e9 hodnoty)<\/p>"},"product_benefits":{"benefit_image":null,"benefit_1":"Tradi\u010dn\u00ed zp\u016fsob v\u00fdroby","benefit_2":"Vyrobeno na Slovensku","benefit_3":"Popus\u0165te uzdu sv\u00e9 kreativit\u011b","benefit_4":"\u010cist\u00e9 a kvalitn\u00ed ingredience"}},"_links":{"self":[{"href":"https:\/\/lunter.webgate.codes\/cz\/wp-json\/wp\/v2\/product\/2268","targetHints":{"allow":["GET"]}}],"collection":[{"href":"https:\/\/lunter.webgate.codes\/cz\/wp-json\/wp\/v2\/product"}],"about":[{"href":"https:\/\/lunter.webgate.codes\/cz\/wp-json\/wp\/v2\/types\/product"}],"wp:featuredmedia":[{"embeddable":true,"href":"https:\/\/lunter.webgate.codes\/cz\/wp-json\/wp\/v2\/media\/1615"}],"wp:attachment":[{"href":"https:\/\/lunter.webgate.codes\/cz\/wp-json\/wp\/v2\/media?parent=2268"}],"wp:term":[{"taxonomy":"product_type","embeddable":true,"href":"https:\/\/lunter.webgate.codes\/cz\/wp-json\/wp\/v2\/product_type?post=2268"}],"curies":[{"name":"wp","href":"https:\/\/api.w.org\/{rel}","templated":true}]}}